{"id":7,"date":"2020-07-08T14:09:32","date_gmt":"2020-07-08T14:09:32","guid":{"rendered":"https:\/\/manifesto.de-partamento.com\/?page_id=7"},"modified":"2021-04-22T15:43:32","modified_gmt":"2021-04-22T15:43:32","slug":"manifesto-arraiolos","status":"publish","type":"page","link":"https:\/\/manifesto.de-partamento.com\/?page_id=7","title":{"rendered":"Manifesto Arraiolos 2021"},"content":{"rendered":"<p>[vc_row css_animation=&#8221;&#8221; row_type=&#8221;row&#8221; use_row_as_full_screen_section=&#8221;no&#8221; type=&#8221;full_width&#8221; angled_section=&#8221;no&#8221; text_align=&#8221;left&#8221; background_image_as_pattern=&#8221;without_pattern&#8221; row_negative_margin=&#8221;disable_negative_margin&#8221; z_index=&#8221;&#8221; css=&#8221;.vc_custom_1618572055383{margin-right: 28px !important;margin-bottom: 40px !important;margin-left: 28px !important;}&#8221;][vc_column css_animation=&#8221;slideInLeft&#8221; width=&#8221;1\/6&#8243;][\/vc_column][vc_column css_animation=&#8221;fadeInUp&#8221; width=&#8221;2\/3&#8243;][vc_row_inner row_type=&#8221;row&#8221; type=&#8221;full_width&#8221; text_align=&#8221;left&#8221; css_animation=&#8221;&#8221; css=&#8221;.vc_custom_1618574746841{margin-bottom: 40px !important;}&#8221;][vc_column_inner width=&#8221;1\/4&#8243;][vc_single_image image=&#8221;685&#8243; img_size=&#8221;full&#8221; onclick=&#8221;custom_link&#8221; qode_css_animation=&#8221;&#8221; el_class=&#8221;logo_vm5&#8243; link=&#8221;\/&#8221;][\/vc_column_inner][vc_column_inner width=&#8221;1\/4&#8243;][\/vc_column_inner][vc_column_inner width=&#8221;1\/4&#8243;][\/vc_column_inner][vc_column_inner width=&#8221;1\/4&#8243;][\/vc_column_inner][\/vc_row_inner][\/vc_column][vc_column width=&#8221;1\/6&#8243;][\/vc_column][\/vc_row][vc_row css_animation=&#8221;&#8221; row_type=&#8221;row&#8221; use_row_as_full_screen_section=&#8221;no&#8221; type=&#8221;full_width&#8221; angled_section=&#8221;no&#8221; text_align=&#8221;left&#8221; background_image_as_pattern=&#8221;without_pattern&#8221; row_negative_margin=&#8221;disable_negative_margin&#8221; z_index=&#8221;&#8221; css=&#8221;.vc_custom_1618580218450{margin-right: 28px !important;margin-bottom: 80px !important;margin-left: 28px !important;}&#8221;][vc_column css_animation=&#8221;slideInLeft&#8221; width=&#8221;1\/6&#8243;][\/vc_column][vc_column css_animation=&#8221;fadeIn&#8221; width=&#8221;2\/3&#8243;][vc_row_inner row_type=&#8221;row&#8221; type=&#8221;full_width&#8221; text_align=&#8221;left&#8221; css_animation=&#8221;&#8221;][vc_column_inner width=&#8221;1\/2&#8243;][vc_column_text css=&#8221;.vc_custom_1619105541499{padding-bottom: 30px !important;}&#8221;]\u201cO MANIFESTO \u00e9 uma manifesta\u00e7\u00e3o de rua, em forma de palavra, prosa ou poesia. \u00c9 uma manifesta\u00e7\u00e3o de afeto ou pensamento. Pode ser uma declara\u00e7\u00e3o de amor por um ideal, local, pessoa ou cren\u00e7a. S\u00e3o palavras que juntas dizem muito do que vemos e sentimos. \u00c9 o reflexo do que vai dentro, do que mexe connosco, de que somos feitos. S\u00e3o palavras e pensamentos que semeamos no mundo para depois, ao longe, vermos crescer.\u201d<br \/>\n<em>Bruno Pereira, Curador do Manifesto<\/em>[\/vc_column_text][vc_column_text css=&#8221;.vc_custom_1619105564960{padding-bottom: 30px !important;}&#8221;]O MANIFESTO \u00e9 um projeto criado pelo Departamento. Em parceria com a E-Panther leva at\u00e9 Arraiolos um manifesto em forma de palavra. Tem como inten\u00e7\u00e3o mostrar ao mundo o talento dos escritores, atores, artistas, poetas e m\u00fasicos, portugueses e estrangeiros, conhecidos e por conhecer, que preencher\u00e3o as ruas desta vila e arredores ao longo de tr\u00eas meses. Inaugura a 30 de Abril e prolonga-se at\u00e9 30 de Setembro de 2021.[\/vc_column_text][vc_column_text css=&#8221;.vc_custom_1619105587776{padding-bottom: 30px !important;}&#8221;]<\/p>\n<h5>CONVIDADOS 1\u00aa Edi\u00e7\u00e3o 2021<\/h5>\n<p>Afonso Cruz \/ Amadeu Maneta \/ Ana Lacerda \/ Cl\u00e1udia R. Sampaio \/ Cunha Rivara \/ Dordio Gomes \/ E-Panther \/ Em\u00eddio Jos\u00e9 Macau Leit\u00e3o \/ Gemma Gal\u00e1n \/ Gra\u00e7a Paz \/ Henrique Leit\u00e3o \/ Ivo Canelas \/ Joana Espadinha \/ Jos\u00e9 Eduardo Agualusa \/ Katia Guerreiro \/ Luis Pereira Miguel \/ M\u00e1rcia \/ Carlos Oliveira \/ Nuno Miguel Guedes \/ Ondjaki \/ Paula Cortes \/ Pedro Abrunhosa \/ Pit\u00e9 \/ Riot \/ Rita Redshoes \/ Samuel \u00daria \/ Senhor Vulc\u00e3o \/ S\u00e9rgio Godinho \/ The Legendary Tigerman \/ Valter Hugo M\u00e3e[\/vc_column_text][\/vc_column_inner][vc_column_inner width=&#8221;1\/2&#8243;][vc_column_text css=&#8221;.vc_custom_1619105604936{padding-bottom: 30px !important;}&#8221;]<\/p>\n<h5>DEPARTAMENTO\u00ae<\/h5>\n<p>O Departamento\u00ae e\u0301 um amplificador de cultura. Faz curadoria e desenvolve projetos, envolvendo artistas, designers, m\u00fasicos, arquitetos, escritores e outros ligados a\u0300 \u00e1rea da cria\u00e7\u00e3o. Estamos focados na dinamiza\u00e7\u00e3o e dissemina\u00e7\u00e3o da cultura de livre acesso, em grande escala. \u00c9 tamb\u00e9m criador do <a href=\"https:\/\/www.postermostra.com\/\">POSTER MOSTRA\u00ae<\/a> e <a href=\"https:\/\/boldcf.com\/\">Bold Creative Festival<\/a>.<br \/>\nPode visitar a p\u00e1gina <a href=\"http:\/\/www.de-partamento.com\/\">web<\/a>, o <a href=\"https:\/\/www.facebook.com\/departamentoprod\">Facebook<\/a>, ou o <a href=\"https:\/\/www.instagram.com\/_departamento\">Instagram<\/a>.[\/vc_column_text][vc_column_text css=&#8221;.vc_custom_1619106208045{padding-bottom: 30px !important;}&#8221;]<\/p>\n<h5>E-PANTHER<\/h5>\n<p>Agimos, fazemos, criamos, moldamos e constru\u00edmos. De forma sustent\u00e1vel e com uma pitada de amor provocador. Sonhamos a cores. Maioritariamente, a cor-de-rosa. Ligamos pessoas, pontos e o inesperado. A sua sa\u00fade e bem-estar s\u00e3o a energia que nos faz mover. O impacto social e a sustentabilidade s\u00e3o os nossos d\u00ednamos, Porque as nossas bicicletas el\u00e9tricas n\u00e3o s\u00e3o um meio para um fim&#8230;S\u00e3o uma afirma\u00e7\u00e3o magn\u00e9tica.<br \/>\nVisite a p\u00e1gina <a href=\"https:\/\/e-pantherbikes.com\/\" target=\"_blank\" rel=\"noopener\">web<\/a>, <a href=\"https:\/\/instagram.com\/epanther___?igshid=ha03mg4pjbye\" target=\"_blank\" rel=\"noopener\">Instagram<\/a>.[\/vc_column_text][\/vc_column_inner][\/vc_row_inner][\/vc_column][vc_column width=&#8221;1\/6&#8243;][\/vc_column][\/vc_row]<\/p>\n","protected":false},"excerpt":{"rendered":"<p>[vc_row css_animation=&#8221;&#8221; row_type=&#8221;row&#8221; use_row_as_full_screen_section=&#8221;no&#8221; type=&#8221;full_width&#8221; angled_section=&#8221;no&#8221; text_align=&#8221;left&#8221; background_image_as_pattern=&#8221;without_pattern&#8221; row_negative_margin=&#8221;disable_negative_margin&#8221; z_index=&#8221;&#8221; css=&#8221;.vc_custom_1618572055383{margin-right: 28px !important;margin-bottom: 40px !important;margin-left: 28px !important;}&#8221;][vc_column css_animation=&#8221;slideInLeft&#8221; width=&#8221;1\/6&#8243;][\/vc_column][vc_column css_animation=&#8221;fadeInUp&#8221; width=&#8221;2\/3&#8243;][vc_row_inner row_type=&#8221;row&#8221; type=&#8221;full_width&#8221; text_align=&#8221;left&#8221; css_animation=&#8221;&#8221; css=&#8221;.vc_custom_1618574746841{margin-bottom: 40px !important;}&#8221;][vc_column_inner width=&#8221;1\/4&#8243;][vc_single_image image=&#8221;685&#8243; img_size=&#8221;full&#8221; onclick=&#8221;custom_link&#8221; qode_css_animation=&#8221;&#8221; el_class=&#8221;logo_vm5&#8243; link=&#8221;\/&#8221;][\/vc_column_inner][vc_column_inner width=&#8221;1\/4&#8243;][\/vc_column_inner][vc_column_inner width=&#8221;1\/4&#8243;][\/vc_column_inner][vc_column_inner width=&#8221;1\/4&#8243;][\/vc_column_inner][\/vc_row_inner][\/vc_column][vc_column width=&#8221;1\/6&#8243;][\/vc_column][\/vc_row][vc_row css_animation=&#8221;&#8221; row_type=&#8221;row&#8221; use_row_as_full_screen_section=&#8221;no&#8221; type=&#8221;full_width&#8221; angled_section=&#8221;no&#8221; text_align=&#8221;left&#8221;&#8230;<\/p>\n","protected":false},"author":1,"featured_media":0,"parent":0,"menu_order":0,"comment_status":"closed","ping_status":"closed","template":"full_width.php","meta":[],"yoast_head":"<!-- This site is optimized with the Yoast SEO plugin v14.6.1 - https:\/\/yoast.com\/wordpress\/plugins\/seo\/ -->\n<title>MANIFESTO | Manifesto Arraiolos 2021<\/title>\n<meta name=\"robots\" content=\"index, follow\" \/>\n<meta name=\"googlebot\" content=\"index, follow, max-snippet:-1, max-image-preview:large, max-video-preview:-1\" \/>\n<meta name=\"bingbot\" content=\"index, follow, max-snippet:-1, max-image-preview:large, max-video-preview:-1\" \/>\n<link rel=\"canonical\" href=\"https:\/\/manifesto.de-partamento.com\/manifesto-arraiolos\/\" \/>\n<meta property=\"og:locale\" content=\"pt_PT\" \/>\n<meta property=\"og:type\" content=\"article\" \/>\n<meta property=\"og:title\" content=\"MANIFESTO | Manifesto Arraiolos 2021\" \/>\n<meta property=\"og:description\" content=\"[vc_row css_animation=&#8221;&#8221; row_type=&#8221;row&#8221; use_row_as_full_screen_section=&#8221;no&#8221; type=&#8221;full_width&#8221; angled_section=&#8221;no&#8221; text_align=&#8221;left&#8221; background_image_as_pattern=&#8221;without_pattern&#8221; row_negative_margin=&#8221;disable_negative_margin&#8221; z_index=&#8221;&#8221; css=&#8221;.vc_custom_1618572055383{margin-right: 28px !important;margin-bottom: 40px !important;margin-left: 28px !important;}&#8221;][vc_column css_animation=&#8221;slideInLeft&#8221; width=&#8221;1\/6&#8243;][\/vc_column][vc_column css_animation=&#8221;fadeInUp&#8221; width=&#8221;2\/3&#8243;][vc_row_inner row_type=&#8221;row&#8221; type=&#8221;full_width&#8221; text_align=&#8221;left&#8221; css_animation=&#8221;&#8221; css=&#8221;.vc_custom_1618574746841{margin-bottom: 40px !important;}&#8221;][vc_column_inner width=&#8221;1\/4&#8243;][vc_single_image image=&#8221;685&#8243; img_size=&#8221;full&#8221; onclick=&#8221;custom_link&#8221; qode_css_animation=&#8221;&#8221; el_class=&#8221;logo_vm5&#8243; link=&#8221;\/&#8221;][\/vc_column_inner][vc_column_inner width=&#8221;1\/4&#8243;][\/vc_column_inner][vc_column_inner width=&#8221;1\/4&#8243;][\/vc_column_inner][vc_column_inner width=&#8221;1\/4&#8243;][\/vc_column_inner][\/vc_row_inner][\/vc_column][vc_column width=&#8221;1\/6&#8243;][\/vc_column][\/vc_row][vc_row css_animation=&#8221;&#8221; row_type=&#8221;row&#8221; use_row_as_full_screen_section=&#8221;no&#8221; type=&#8221;full_width&#8221; angled_section=&#8221;no&#8221; text_align=&#8221;left&#8221;...\" \/>\n<meta property=\"og:url\" content=\"https:\/\/manifesto.de-partamento.com\/manifesto-arraiolos\/\" \/>\n<meta property=\"og:site_name\" content=\"MANIFESTO\" \/>\n<meta property=\"article:modified_time\" content=\"2021-04-22T15:43:32+00:00\" \/>\n<meta property=\"og:image\" content=\"https:\/\/manifesto.de-partamento.com\/wp-content\/uploads\/2021\/04\/cover.jpg\" \/>\n\t<meta property=\"og:image:width\" content=\"1920\" \/>\n\t<meta property=\"og:image:height\" content=\"1080\" \/>\n<meta name=\"twitter:card\" content=\"summary_large_image\" \/>\n<script type=\"application\/ld+json\" class=\"yoast-schema-graph\">{\"@context\":\"https:\/\/schema.org\",\"@graph\":[{\"@type\":\"Organization\",\"@id\":\"https:\/\/manifesto.de-partamento.com\/#organization\",\"name\":\"MANIFESTO\",\"url\":\"https:\/\/manifesto.de-partamento.com\/\",\"sameAs\":[],\"logo\":{\"@type\":\"ImageObject\",\"@id\":\"https:\/\/manifesto.de-partamento.com\/#logo\",\"inLanguage\":\"pt-PT\",\"url\":\"https:\/\/manifesto.de-partamento.com\/wp-content\/uploads\/2021\/04\/cover.jpg\",\"width\":1920,\"height\":1080,\"caption\":\"MANIFESTO\"},\"image\":{\"@id\":\"https:\/\/manifesto.de-partamento.com\/#logo\"}},{\"@type\":\"WebSite\",\"@id\":\"https:\/\/manifesto.de-partamento.com\/#website\",\"url\":\"https:\/\/manifesto.de-partamento.com\/\",\"name\":\"MANIFESTO\",\"description\":\"Arraiolos\",\"publisher\":{\"@id\":\"https:\/\/manifesto.de-partamento.com\/#organization\"},\"potentialAction\":[{\"@type\":\"SearchAction\",\"target\":\"https:\/\/manifesto.de-partamento.com\/?s={search_term_string}\",\"query-input\":\"required name=search_term_string\"}],\"inLanguage\":\"pt-PT\"},{\"@type\":\"WebPage\",\"@id\":\"https:\/\/manifesto.de-partamento.com\/manifesto-arraiolos\/#webpage\",\"url\":\"https:\/\/manifesto.de-partamento.com\/manifesto-arraiolos\/\",\"name\":\"MANIFESTO | Manifesto Arraiolos 2021\",\"isPartOf\":{\"@id\":\"https:\/\/manifesto.de-partamento.com\/#website\"},\"datePublished\":\"2020-07-08T14:09:32+00:00\",\"dateModified\":\"2021-04-22T15:43:32+00:00\",\"inLanguage\":\"pt-PT\",\"potentialAction\":[{\"@type\":\"ReadAction\",\"target\":[\"https:\/\/manifesto.de-partamento.com\/manifesto-arraiolos\/\"]}]}]}<\/script>\n<!-- \/ Yoast SEO plugin. -->","_links":{"self":[{"href":"https:\/\/manifesto.de-partamento.com\/index.php?rest_route=\/wp\/v2\/pages\/7"}],"collection":[{"href":"https:\/\/manifesto.de-partamento.com\/index.php?rest_route=\/wp\/v2\/pages"}],"about":[{"href":"https:\/\/manifesto.de-partamento.com\/index.php?rest_route=\/wp\/v2\/types\/page"}],"author":[{"embeddable":true,"href":"https:\/\/manifesto.de-partamento.com\/index.php?rest_route=\/wp\/v2\/users\/1"}],"replies":[{"embeddable":true,"href":"https:\/\/manifesto.de-partamento.com\/index.php?rest_route=%2Fwp%2Fv2%2Fcomments&post=7"}],"version-history":[{"count":86,"href":"https:\/\/manifesto.de-partamento.com\/index.php?rest_route=\/wp\/v2\/pages\/7\/revisions"}],"predecessor-version":[{"id":1124,"href":"https:\/\/manifesto.de-partamento.com\/index.php?rest_route=\/wp\/v2\/pages\/7\/revisions\/1124"}],"wp:attachment":[{"href":"https:\/\/manifesto.de-partamento.com\/index.php?rest_route=%2Fwp%2Fv2%2Fmedia&parent=7"}],"curies":[{"name":"wp","href":"https:\/\/api.w.org\/{rel}","templated":true}]}}